{"id":293,"date":"2022-12-17T18:55:11","date_gmt":"2022-12-17T18:55:11","guid":{"rendered":"https:\/\/ponchesangabriel.com\/?post_type=product&#038;p=293"},"modified":"2025-05-25T18:57:10","modified_gmt":"2025-05-25T18:57:10","slug":"mezcal-artesanal-sin-ahumar","status":"publish","type":"product","link":"https:\/\/ponchesangabriel.com\/index.php\/product\/mezcal-artesanal-sin-ahumar\/","title":{"rendered":"Mezcal artesanal 100% agave"},"content":{"rendered":"<p>El <span class=\"s1\"><b>mezcal artesanal sin ahumar<\/b><\/span> de Ponche San Gabriel est\u00e1 elaborado en San Gabriel, Jalisco, con agave 100% mexicano, cocido sin humo para preservar la pureza y los matices naturales del agave. A diferencia del mezcal tradicional, este destilado ofrece un perfil m\u00e1s limpio y delicado, sin notas ahumadas, lo que lo hace ideal para quienes prefieren sabores m\u00e1s frescos y sutiles.<\/p>\n<p>Este mezcal se disfruta solo, con una rodaja de naranja o acompa\u00f1ado de sal de gusano o sal rosada, resaltando sus notas herbales y dulces. Tambi\u00e9n es perfecto como base de cocteles con frutas c\u00edtricas, jengibre o hierbas frescas, ya que su perfil neutro permite una amplia versatilidad.<\/p>\n<p>Su elaboraci\u00f3n artesanal garantiza un producto de alta calidad, pensado para quienes valoran la tradici\u00f3n sin perder de vista la innovaci\u00f3n en sabor. Es ideal para celebraciones, como regalo gourmet o para quienes se inician en el mundo del mezcal.<\/p>\n<p><span class=\"s1\"><b>Ponche San Gabriel<\/b><\/span>, reconocido por su l\u00ednea de ponches artesanales frutales, ofrece en este mezcal una opci\u00f3n limpia, honesta y elegante, manteni\u00e9ndose fiel a sus ra\u00edces mexicanas.<\/p>\n","protected":false},"excerpt":{"rendered":"<p class=\"p1\">Prueba el mezcal artesanal sin ahumar de Ponche San Gabriel. Hecho con agave 100%, sabor suave y limpio ideal para cocteles o tomar solo.<\/p>\n","protected":false},"featured_media":341,"comment_status":"open","ping_status":"closed","template":"","meta":{"site-sidebar-layout":"default","site-content-layout":"default","ast-site-content-layout":"default","site-content-style":"default","site-sidebar-style":"default","ast-global-header-display":"","ast-banner-title-visibility":"","ast-main-header-display":"","ast-hfb-above-header-display":"","ast-hfb-below-header-display":"","ast-hfb-mobile-header-display":"","site-post-title":"","ast-breadcrumbs-content":"","ast-featured-img":"","footer-sml-layout":"","theme-transparent-header-meta":"default","adv-header-id-meta":"","stick-header-meta":"","header-above-stick-meta":"","header-main-stick-meta":"","header-below-stick-meta":"","astra-migrate-meta-layouts":"set","ast-page-background-enabled":"default","ast-page-background-meta":{"desktop":{"background-color":"","background-image":"","background-repeat":"repeat","background-position":"center center","background-size":"auto","background-attachment":"scroll","background-type":"","background-media":"","overlay-type":"","overlay-color":"","overlay-opacity":"","overlay-gradient":""},"tablet":{"background-color":"","background-image":"","background-repeat":"repeat","background-position":"center center","background-size":"auto","background-attachment":"scroll","background-type":"","background-media":"","overlay-type":"","overlay-color":"","overlay-opacity":"","overlay-gradient":""},"mobile":{"background-color":"","background-image":"","background-repeat":"repeat","background-position":"center center","background-size":"auto","background-attachment":"scroll","background-type":"","background-media":"","overlay-type":"","overlay-color":"","overlay-opacity":"","overlay-gradient":""}},"ast-content-background-meta":{"desktop":{"background-color":"var(--ast-global-color-5)","background-image":"","background-repeat":"repeat","background-position":"center center","background-size":"auto","background-attachment":"scroll","background-type":"","background-media":"","overlay-type":"","overlay-color":"","overlay-opacity":"","overlay-gradient":""},"tablet":{"background-color":"var(--ast-global-color-5)","background-image":"","background-repeat":"repeat","background-position":"center center","background-size":"auto","background-attachment":"scroll","background-type":"","background-media":"","overlay-type":"","overlay-color":"","overlay-opacity":"","overlay-gradient":""},"mobile":{"background-color":"var(--ast-global-color-5)","background-image":"","background-repeat":"repeat","background-position":"center center","background-size":"auto","background-attachment":"scroll","background-type":"","background-media":"","overlay-type":"","overlay-color":"","overlay-opacity":"","overlay-gradient":""}}},"product_brand":[],"product_cat":[16],"product_tag":[49,47,33,51,44,34,48,50,57,55,53,54,46,45,56,52],"class_list":{"0":"post-293","1":"product","2":"type-product","3":"status-publish","4":"has-post-thumbnail","6":"product_cat-uncategorized","7":"product_tag-bebida-artesanal-mexicana","8":"product_tag-destilado-de-agave","9":"product_tag-mezcal","10":"product_tag-mezcal-100-agave","11":"product_tag-mezcal-artesanal-sin-ahumar","12":"product_tag-mezcal-de-agave","13":"product_tag-mezcal-jalisciense","14":"product_tag-mezcal-limpio","15":"product_tag-mezcal-mexicano-premium","16":"product_tag-mezcal-natural","17":"product_tag-mezcal-para-cocteles","18":"product_tag-mezcal-para-principiantes","19":"product_tag-mezcal-sin-sabor-ahumado","20":"product_tag-mezcal-suave","21":"product_tag-mezcal-tradicional-sin-humo","22":"product_tag-ponche-san-gabriel-mezcal","23":"desktop-align-left","24":"tablet-align-left","25":"mobile-align-left","27":"first","28":"instock","29":"shipping-taxable","30":"purchasable","31":"product-type-simple"},"yoast_head":"<!-- This site is optimized with the Yoast SEO plugin v25.1 - https:\/\/yoast.com\/wordpress\/plugins\/seo\/ -->\n<title>Mezcal artesanal 100% agave | Ponche San Gabriel<\/title>\n<meta name=\"description\" content=\"Prueba el mezcal artesanal sin ahumar de Ponche San Gabriel. Hecho con agave 100%, sabor suave y limpio ideal para cocteles o tomar solo.\" \/>\n<meta name=\"robots\" content=\"index, follow, max-snippet:-1, max-image-preview:large, max-video-preview:-1\" \/>\n<link rel=\"canonical\" href=\"https:\/\/ponchesangabriel.com\/index.php\/product\/mezcal-artesanal-sin-ahumar\/\" \/>\n<meta property=\"og:locale\" content=\"es_MX\" \/>\n<meta property=\"og:type\" content=\"article\" \/>\n<meta property=\"og:title\" content=\"Mezcal artesanal 100% agave | Ponche San Gabriel\" \/>\n<meta property=\"og:description\" content=\"Prueba el mezcal artesanal sin ahumar de Ponche San Gabriel. Hecho con agave 100%, sabor suave y limpio ideal para cocteles o tomar solo.\" \/>\n<meta property=\"og:url\" content=\"https:\/\/ponchesangabriel.com\/index.php\/product\/mezcal-artesanal-sin-ahumar\/\" \/>\n<meta property=\"og:site_name\" content=\"Ponche San Gabriel\" \/>\n<meta property=\"article:publisher\" content=\"https:\/\/www.facebook.com\/ponchesangabriel\/\" \/>\n<meta property=\"article:modified_time\" content=\"2025-05-25T18:57:10+00:00\" \/>\n<meta property=\"og:image\" content=\"https:\/\/ponchesangabriel.com\/wp-content\/uploads\/2022\/12\/IMG_2479-scaled.jpg\" \/>\n\t<meta property=\"og:image:width\" content=\"1707\" \/>\n\t<meta property=\"og:image:height\" content=\"2560\" \/>\n\t<meta property=\"og:image:type\" content=\"image\/jpeg\" \/>\n<meta name=\"twitter:card\" content=\"summary_large_image\" \/>\n<meta name=\"twitter:label1\" content=\"Tiempo de lectura\" \/>\n\t<meta name=\"twitter:data1\" content=\"2 minutos\" \/>\n<script type=\"application\/ld+json\" class=\"yoast-schema-graph\">{\"@context\":\"https:\/\/schema.org\",\"@graph\":[{\"@type\":\"WebPage\",\"@id\":\"https:\/\/ponchesangabriel.com\/index.php\/product\/mezcal-artesanal-sin-ahumar\/\",\"url\":\"https:\/\/ponchesangabriel.com\/index.php\/product\/mezcal-artesanal-sin-ahumar\/\",\"name\":\"Mezcal artesanal 100% agave | Ponche San Gabriel\",\"isPartOf\":{\"@id\":\"https:\/\/ponchesangabriel.com\/#website\"},\"primaryImageOfPage\":{\"@id\":\"https:\/\/ponchesangabriel.com\/index.php\/product\/mezcal-artesanal-sin-ahumar\/#primaryimage\"},\"image\":{\"@id\":\"https:\/\/ponchesangabriel.com\/index.php\/product\/mezcal-artesanal-sin-ahumar\/#primaryimage\"},\"thumbnailUrl\":\"https:\/\/ponchesangabriel.com\/wp-content\/uploads\/2022\/12\/IMG_2479-scaled.jpg\",\"datePublished\":\"2022-12-17T18:55:11+00:00\",\"dateModified\":\"2025-05-25T18:57:10+00:00\",\"description\":\"Prueba el mezcal artesanal sin ahumar de Ponche San Gabriel. Hecho con agave 100%, sabor suave y limpio ideal para cocteles o tomar solo.\",\"breadcrumb\":{\"@id\":\"https:\/\/ponchesangabriel.com\/index.php\/product\/mezcal-artesanal-sin-ahumar\/#breadcrumb\"},\"inLanguage\":\"es\",\"potentialAction\":[{\"@type\":\"ReadAction\",\"target\":[\"https:\/\/ponchesangabriel.com\/index.php\/product\/mezcal-artesanal-sin-ahumar\/\"]}]},{\"@type\":\"ImageObject\",\"inLanguage\":\"es\",\"@id\":\"https:\/\/ponchesangabriel.com\/index.php\/product\/mezcal-artesanal-sin-ahumar\/#primaryimage\",\"url\":\"https:\/\/ponchesangabriel.com\/wp-content\/uploads\/2022\/12\/IMG_2479-scaled.jpg\",\"contentUrl\":\"https:\/\/ponchesangabriel.com\/wp-content\/uploads\/2022\/12\/IMG_2479-scaled.jpg\",\"width\":1707,\"height\":2560,\"caption\":\"Mezcal artesanal sin ahumar Ponche San Gabriel servido con naranja y sal rosada\"},{\"@type\":\"BreadcrumbList\",\"@id\":\"https:\/\/ponchesangabriel.com\/index.php\/product\/mezcal-artesanal-sin-ahumar\/#breadcrumb\",\"itemListElement\":[{\"@type\":\"ListItem\",\"position\":1,\"name\":\"Home\",\"item\":\"https:\/\/ponchesangabriel.com\/\"},{\"@type\":\"ListItem\",\"position\":2,\"name\":\"Shop\",\"item\":\"https:\/\/ponchesangabriel.com\/index.php\/shop\/\"},{\"@type\":\"ListItem\",\"position\":3,\"name\":\"Mezcal artesanal 100% agave\"}]},{\"@type\":\"WebSite\",\"@id\":\"https:\/\/ponchesangabriel.com\/#website\",\"url\":\"https:\/\/ponchesangabriel.com\/\",\"name\":\"Ponche San Gabriel\",\"description\":\"Ponche San Gabriel, Jalisco\",\"publisher\":{\"@id\":\"https:\/\/ponchesangabriel.com\/#organization\"},\"potentialAction\":[{\"@type\":\"SearchAction\",\"target\":{\"@type\":\"EntryPoint\",\"urlTemplate\":\"https:\/\/ponchesangabriel.com\/?s={search_term_string}\"},\"query-input\":{\"@type\":\"PropertyValueSpecification\",\"valueRequired\":true,\"valueName\":\"search_term_string\"}}],\"inLanguage\":\"es\"},{\"@type\":\"Organization\",\"@id\":\"https:\/\/ponchesangabriel.com\/#organization\",\"name\":\"Ponche San Gabriel\",\"url\":\"https:\/\/ponchesangabriel.com\/\",\"logo\":{\"@type\":\"ImageObject\",\"inLanguage\":\"es\",\"@id\":\"https:\/\/ponchesangabriel.com\/#\/schema\/logo\/image\/\",\"url\":\"https:\/\/ponchesangabriel.com\/wp-content\/uploads\/2020\/05\/logo.jpg\",\"contentUrl\":\"https:\/\/ponchesangabriel.com\/wp-content\/uploads\/2020\/05\/logo.jpg\",\"width\":639,\"height\":639,\"caption\":\"Ponche San Gabriel\"},\"image\":{\"@id\":\"https:\/\/ponchesangabriel.com\/#\/schema\/logo\/image\/\"},\"sameAs\":[\"https:\/\/www.facebook.com\/ponchesangabriel\/\",\"https:\/\/www.instagram.com\/ponchesangabriel\/\"]}]}<\/script>\n<!-- \/ Yoast SEO plugin. -->","yoast_head_json":{"title":"Mezcal artesanal 100% agave | Ponche San Gabriel","description":"Prueba el mezcal artesanal sin ahumar de Ponche San Gabriel. Hecho con agave 100%, sabor suave y limpio ideal para cocteles o tomar solo.","robots":{"index":"index","follow":"follow","max-snippet":"max-snippet:-1","max-image-preview":"max-image-preview:large","max-video-preview":"max-video-preview:-1"},"canonical":"https:\/\/ponchesangabriel.com\/index.php\/product\/mezcal-artesanal-sin-ahumar\/","og_locale":"es_MX","og_type":"article","og_title":"Mezcal artesanal 100% agave | Ponche San Gabriel","og_description":"Prueba el mezcal artesanal sin ahumar de Ponche San Gabriel. Hecho con agave 100%, sabor suave y limpio ideal para cocteles o tomar solo.","og_url":"https:\/\/ponchesangabriel.com\/index.php\/product\/mezcal-artesanal-sin-ahumar\/","og_site_name":"Ponche San Gabriel","article_publisher":"https:\/\/www.facebook.com\/ponchesangabriel\/","article_modified_time":"2025-05-25T18:57:10+00:00","og_image":[{"width":1707,"height":2560,"url":"https:\/\/ponchesangabriel.com\/wp-content\/uploads\/2022\/12\/IMG_2479-scaled.jpg","type":"image\/jpeg"}],"twitter_card":"summary_large_image","twitter_misc":{"Tiempo de lectura":"2 minutos"},"schema":{"@context":"https:\/\/schema.org","@graph":[{"@type":"WebPage","@id":"https:\/\/ponchesangabriel.com\/index.php\/product\/mezcal-artesanal-sin-ahumar\/","url":"https:\/\/ponchesangabriel.com\/index.php\/product\/mezcal-artesanal-sin-ahumar\/","name":"Mezcal artesanal 100% agave | Ponche San Gabriel","isPartOf":{"@id":"https:\/\/ponchesangabriel.com\/#website"},"primaryImageOfPage":{"@id":"https:\/\/ponchesangabriel.com\/index.php\/product\/mezcal-artesanal-sin-ahumar\/#primaryimage"},"image":{"@id":"https:\/\/ponchesangabriel.com\/index.php\/product\/mezcal-artesanal-sin-ahumar\/#primaryimage"},"thumbnailUrl":"https:\/\/ponchesangabriel.com\/wp-content\/uploads\/2022\/12\/IMG_2479-scaled.jpg","datePublished":"2022-12-17T18:55:11+00:00","dateModified":"2025-05-25T18:57:10+00:00","description":"Prueba el mezcal artesanal sin ahumar de Ponche San Gabriel. Hecho con agave 100%, sabor suave y limpio ideal para cocteles o tomar solo.","breadcrumb":{"@id":"https:\/\/ponchesangabriel.com\/index.php\/product\/mezcal-artesanal-sin-ahumar\/#breadcrumb"},"inLanguage":"es","potentialAction":[{"@type":"ReadAction","target":["https:\/\/ponchesangabriel.com\/index.php\/product\/mezcal-artesanal-sin-ahumar\/"]}]},{"@type":"ImageObject","inLanguage":"es","@id":"https:\/\/ponchesangabriel.com\/index.php\/product\/mezcal-artesanal-sin-ahumar\/#primaryimage","url":"https:\/\/ponchesangabriel.com\/wp-content\/uploads\/2022\/12\/IMG_2479-scaled.jpg","contentUrl":"https:\/\/ponchesangabriel.com\/wp-content\/uploads\/2022\/12\/IMG_2479-scaled.jpg","width":1707,"height":2560,"caption":"Mezcal artesanal sin ahumar Ponche San Gabriel servido con naranja y sal rosada"},{"@type":"BreadcrumbList","@id":"https:\/\/ponchesangabriel.com\/index.php\/product\/mezcal-artesanal-sin-ahumar\/#breadcrumb","itemListElement":[{"@type":"ListItem","position":1,"name":"Home","item":"https:\/\/ponchesangabriel.com\/"},{"@type":"ListItem","position":2,"name":"Shop","item":"https:\/\/ponchesangabriel.com\/index.php\/shop\/"},{"@type":"ListItem","position":3,"name":"Mezcal artesanal 100% agave"}]},{"@type":"WebSite","@id":"https:\/\/ponchesangabriel.com\/#website","url":"https:\/\/ponchesangabriel.com\/","name":"Ponche San Gabriel","description":"Ponche San Gabriel, Jalisco","publisher":{"@id":"https:\/\/ponchesangabriel.com\/#organization"},"potentialAction":[{"@type":"SearchAction","target":{"@type":"EntryPoint","urlTemplate":"https:\/\/ponchesangabriel.com\/?s={search_term_string}"},"query-input":{"@type":"PropertyValueSpecification","valueRequired":true,"valueName":"search_term_string"}}],"inLanguage":"es"},{"@type":"Organization","@id":"https:\/\/ponchesangabriel.com\/#organization","name":"Ponche San Gabriel","url":"https:\/\/ponchesangabriel.com\/","logo":{"@type":"ImageObject","inLanguage":"es","@id":"https:\/\/ponchesangabriel.com\/#\/schema\/logo\/image\/","url":"https:\/\/ponchesangabriel.com\/wp-content\/uploads\/2020\/05\/logo.jpg","contentUrl":"https:\/\/ponchesangabriel.com\/wp-content\/uploads\/2020\/05\/logo.jpg","width":639,"height":639,"caption":"Ponche San Gabriel"},"image":{"@id":"https:\/\/ponchesangabriel.com\/#\/schema\/logo\/image\/"},"sameAs":["https:\/\/www.facebook.com\/ponchesangabriel\/","https:\/\/www.instagram.com\/ponchesangabriel\/"]}]}},"_links":{"self":[{"href":"https:\/\/ponchesangabriel.com\/index.php\/wp-json\/wp\/v2\/product\/293","targetHints":{"allow":["GET"]}}],"collection":[{"href":"https:\/\/ponchesangabriel.com\/index.php\/wp-json\/wp\/v2\/product"}],"about":[{"href":"https:\/\/ponchesangabriel.com\/index.php\/wp-json\/wp\/v2\/types\/product"}],"replies":[{"embeddable":true,"href":"https:\/\/ponchesangabriel.com\/index.php\/wp-json\/wp\/v2\/comments?post=293"}],"wp:featuredmedia":[{"embeddable":true,"href":"https:\/\/ponchesangabriel.com\/index.php\/wp-json\/wp\/v2\/media\/341"}],"wp:attachment":[{"href":"https:\/\/ponchesangabriel.com\/index.php\/wp-json\/wp\/v2\/media?parent=293"}],"wp:term":[{"taxonomy":"product_brand","embeddable":true,"href":"https:\/\/ponchesangabriel.com\/index.php\/wp-json\/wp\/v2\/product_brand?post=293"},{"taxonomy":"product_cat","embeddable":true,"href":"https:\/\/ponchesangabriel.com\/index.php\/wp-json\/wp\/v2\/product_cat?post=293"},{"taxonomy":"product_tag","embeddable":true,"href":"https:\/\/ponchesangabriel.com\/index.php\/wp-json\/wp\/v2\/product_tag?post=293"}],"curies":[{"name":"wp","href":"https:\/\/api.w.org\/{rel}","templated":true}]}}