{"id":324,"date":"2025-03-23T04:46:11","date_gmt":"2025-03-23T04:46:11","guid":{"rendered":"https:\/\/ponchesangabriel.com\/?post_type=product&#038;p=324"},"modified":"2026-01-09T01:36:43","modified_gmt":"2026-01-09T01:36:43","slug":"mezcal-artesanal-500-ml","status":"publish","type":"product","link":"https:\/\/ponchesangabriel.com\/index.php\/product\/mezcal-artesanal-500-ml\/","title":{"rendered":"Mezcal Artesanal de Jalisco 500 ml"},"content":{"rendered":"<p><img fetchpriority=\"high\" decoding=\"async\" src=\"https:\/\/ponchesangabriel.com\/wp-content\/uploads\/2022\/12\/WhatsApp-Image-2022-12-17-at-12.24.45-225x300.jpeg\" alt=\"\" width=\"225\" height=\"300\" class=\"alignnone size-medium wp-image-294\" srcset=\"https:\/\/ponchesangabriel.com\/wp-content\/uploads\/2022\/12\/WhatsApp-Image-2022-12-17-at-12.24.45-225x300.jpeg 225w, https:\/\/ponchesangabriel.com\/wp-content\/uploads\/2022\/12\/WhatsApp-Image-2022-12-17-at-12.24.45-768x1024.jpeg 768w, https:\/\/ponchesangabriel.com\/wp-content\/uploads\/2022\/12\/WhatsApp-Image-2022-12-17-at-12.24.45-600x800.jpeg 600w, https:\/\/ponchesangabriel.com\/wp-content\/uploads\/2022\/12\/WhatsApp-Image-2022-12-17-at-12.24.45.jpeg 960w\" sizes=\"(max-width: 225px) 100vw, 225px\" \/><\/p>\n<p>Ponche San Gabriel \u2013 Mezcal Artesanal de Jalisco 100% Agave<\/p>\n<p>Ponche San Gabriel es un mezcal artesanal de Jalisco, elaborado con agave cuidadosamente seleccionado y procesos tradicionales que respetan la herencia mezcalera mexicana. Este mezcal 100% agave se produce en peque\u00f1as cantidades, cocido en hornos de piedra y destilado con m\u00e9todos ancestrales que garantizan un sabor ahumado, suave y aut\u00e9ntico.<\/p>\n<p>Originario del coraz\u00f3n de Jalisco, Ponche San Gabriel representa la esencia del mezcal tradicional: una bebida espirituosa rica en historia, cultura y sabor. Ideal para quienes buscan un mezcal premium con car\u00e1cter, este destilado es perfecto para tomar solo, en c\u00f3cteles o como regalo para verdaderos conocedores.<\/p>\n<p>Descubre el alma de M\u00e9xico en cada sorbo. Compra hoy el mejor mezcal artesanal de Jalisco y vive la experiencia \u00fanica de Ponche San Gabriel.<\/p>\n","protected":false},"excerpt":{"rendered":"<p>Ponche San Gabriel \u2013 Mezcal Artesanal de Jalisco 100% Agave Ponche San Gabriel es un mezcal artesanal de Jalisco, elaborado con agave cuidadosamente seleccionado y procesos tradicionales que respetan la herencia mezcalera mexicana. Este mezcal 100% agave se produce en peque\u00f1as cantidades, cocido en hornos de piedra y destilado con m\u00e9todos ancestrales que garantizan un [&hellip;]<\/p>\n","protected":false},"featured_media":0,"comment_status":"open","ping_status":"closed","template":"","meta":{"site-sidebar-layout":"default","site-content-layout":"","ast-site-content-layout":"default","site-content-style":"default","site-sidebar-style":"default","ast-global-header-display":"","ast-banner-title-visibility":"","ast-main-header-display":"","ast-hfb-above-header-display":"","ast-hfb-below-header-display":"","ast-hfb-mobile-header-display":"","site-post-title":"","ast-breadcrumbs-content":"","ast-featured-img":"","footer-sml-layout":"","theme-transparent-header-meta":"default","adv-header-id-meta":"","stick-header-meta":"","header-above-stick-meta":"","header-main-stick-meta":"","header-below-stick-meta":"","astra-migrate-meta-layouts":"set","ast-page-background-enabled":"default","ast-page-background-meta":{"desktop":{"background-color":"","background-image":"","background-repeat":"repeat","background-position":"center center","background-size":"auto","background-attachment":"scroll","background-type":"","background-media":"","overlay-type":"","overlay-color":"","overlay-opacity":"","overlay-gradient":""},"tablet":{"background-color":"","background-image":"","background-repeat":"repeat","background-position":"center center","background-size":"auto","background-attachment":"scroll","background-type":"","background-media":"","overlay-type":"","overlay-color":"","overlay-opacity":"","overlay-gradient":""},"mobile":{"background-color":"","background-image":"","background-repeat":"repeat","background-position":"center center","background-size":"auto","background-attachment":"scroll","background-type":"","background-media":"","overlay-type":"","overlay-color":"","overlay-opacity":"","overlay-gradient":""}},"ast-content-background-meta":{"desktop":{"background-color":"var(--ast-global-color-5)","background-image":"","background-repeat":"repeat","background-position":"center center","background-size":"auto","background-attachment":"scroll","background-type":"","background-media":"","overlay-type":"","overlay-color":"","overlay-opacity":"","overlay-gradient":""},"tablet":{"background-color":"var(--ast-global-color-5)","background-image":"","background-repeat":"repeat","background-position":"center center","background-size":"auto","background-attachment":"scroll","background-type":"","background-media":"","overlay-type":"","overlay-color":"","overlay-opacity":"","overlay-gradient":""},"mobile":{"background-color":"var(--ast-global-color-5)","background-image":"","background-repeat":"repeat","background-position":"center center","background-size":"auto","background-attachment":"scroll","background-type":"","background-media":"","overlay-type":"","overlay-color":"","overlay-opacity":"","overlay-gradient":""}}},"product_brand":[],"product_cat":[20],"product_tag":[29,22,21,33,34],"class_list":{"0":"post-324","1":"product","2":"type-product","3":"status-publish","5":"product_cat-licor-de-mezcal","6":"product_tag-licor-de-granada","7":"product_tag-licor-de-jamaica","8":"product_tag-licor-de-mezcal","9":"product_tag-mezcal","10":"product_tag-mezcal-de-agave","11":"desktop-align-left","12":"tablet-align-left","13":"mobile-align-left","15":"first","16":"instock","17":"shipping-taxable","18":"purchasable","19":"product-type-simple"},"yoast_head":"<!-- This site is optimized with the Yoast SEO plugin v25.1 - https:\/\/yoast.com\/wordpress\/plugins\/seo\/ -->\n<title>Mezcal Artesanal de Jalisco 500 ml | Ponche San Gabriel<\/title>\n<meta name=\"description\" content=\"Mezcal artesanal de Jalisco Ponche San Gabriel: elaborado 100% con agave, tradici\u00f3n y pasi\u00f3n mexicana. Disfruta un mezcal premium, ahumado, suave y aut\u00e9ntico, ideal para conocedores y amantes del buen mezcal. Compra en l\u00ednea y vive la experiencia del mezcal tradicional de origen.\" \/>\n<meta name=\"robots\" content=\"index, follow, max-snippet:-1, max-image-preview:large, max-video-preview:-1\" \/>\n<link rel=\"canonical\" href=\"https:\/\/ponchesangabriel.com\/index.php\/product\/mezcal-artesanal-500-ml\/\" \/>\n<meta property=\"og:locale\" content=\"es_MX\" \/>\n<meta property=\"og:type\" content=\"article\" \/>\n<meta property=\"og:title\" content=\"Mezcal Artesanal de Jalisco 500 ml | Ponche San Gabriel\" \/>\n<meta property=\"og:description\" content=\"Mezcal artesanal de Jalisco Ponche San Gabriel: elaborado 100% con agave, tradici\u00f3n y pasi\u00f3n mexicana. Disfruta un mezcal premium, ahumado, suave y aut\u00e9ntico, ideal para conocedores y amantes del buen mezcal. Compra en l\u00ednea y vive la experiencia del mezcal tradicional de origen.\" \/>\n<meta property=\"og:url\" content=\"https:\/\/ponchesangabriel.com\/index.php\/product\/mezcal-artesanal-500-ml\/\" \/>\n<meta property=\"og:site_name\" content=\"Ponche San Gabriel\" \/>\n<meta property=\"article:publisher\" content=\"https:\/\/www.facebook.com\/ponchesangabriel\/\" \/>\n<meta property=\"article:modified_time\" content=\"2026-01-09T01:36:43+00:00\" \/>\n<meta property=\"og:image\" content=\"https:\/\/ponchesangabriel.com\/wp-content\/uploads\/2022\/12\/WhatsApp-Image-2022-12-17-at-12.24.45.jpeg\" \/>\n\t<meta property=\"og:image:width\" content=\"960\" \/>\n\t<meta property=\"og:image:height\" content=\"1280\" \/>\n\t<meta property=\"og:image:type\" content=\"image\/jpeg\" \/>\n<meta name=\"twitter:card\" content=\"summary_large_image\" \/>\n<meta name=\"twitter:label1\" content=\"Tiempo de lectura\" \/>\n\t<meta name=\"twitter:data1\" content=\"1 minuto\" \/>\n<script type=\"application\/ld+json\" class=\"yoast-schema-graph\">{\"@context\":\"https:\/\/schema.org\",\"@graph\":[{\"@type\":\"WebPage\",\"@id\":\"https:\/\/ponchesangabriel.com\/index.php\/product\/mezcal-artesanal-500-ml\/\",\"url\":\"https:\/\/ponchesangabriel.com\/index.php\/product\/mezcal-artesanal-500-ml\/\",\"name\":\"Mezcal Artesanal de Jalisco 500 ml | Ponche San Gabriel\",\"isPartOf\":{\"@id\":\"https:\/\/ponchesangabriel.com\/#website\"},\"primaryImageOfPage\":{\"@id\":\"https:\/\/ponchesangabriel.com\/index.php\/product\/mezcal-artesanal-500-ml\/#primaryimage\"},\"image\":{\"@id\":\"https:\/\/ponchesangabriel.com\/index.php\/product\/mezcal-artesanal-500-ml\/#primaryimage\"},\"thumbnailUrl\":\"https:\/\/ponchesangabriel.com\/wp-content\/uploads\/2022\/12\/WhatsApp-Image-2022-12-17-at-12.24.45-225x300.jpeg\",\"datePublished\":\"2025-03-23T04:46:11+00:00\",\"dateModified\":\"2026-01-09T01:36:43+00:00\",\"description\":\"Mezcal artesanal de Jalisco Ponche San Gabriel: elaborado 100% con agave, tradici\u00f3n y pasi\u00f3n mexicana. Disfruta un mezcal premium, ahumado, suave y aut\u00e9ntico, ideal para conocedores y amantes del buen mezcal. Compra en l\u00ednea y vive la experiencia del mezcal tradicional de origen.\",\"breadcrumb\":{\"@id\":\"https:\/\/ponchesangabriel.com\/index.php\/product\/mezcal-artesanal-500-ml\/#breadcrumb\"},\"inLanguage\":\"es\",\"potentialAction\":[{\"@type\":\"ReadAction\",\"target\":[\"https:\/\/ponchesangabriel.com\/index.php\/product\/mezcal-artesanal-500-ml\/\"]}]},{\"@type\":\"ImageObject\",\"inLanguage\":\"es\",\"@id\":\"https:\/\/ponchesangabriel.com\/index.php\/product\/mezcal-artesanal-500-ml\/#primaryimage\",\"url\":\"https:\/\/ponchesangabriel.com\/wp-content\/uploads\/2022\/12\/WhatsApp-Image-2022-12-17-at-12.24.45.jpeg\",\"contentUrl\":\"https:\/\/ponchesangabriel.com\/wp-content\/uploads\/2022\/12\/WhatsApp-Image-2022-12-17-at-12.24.45.jpeg\",\"width\":960,\"height\":1280},{\"@type\":\"BreadcrumbList\",\"@id\":\"https:\/\/ponchesangabriel.com\/index.php\/product\/mezcal-artesanal-500-ml\/#breadcrumb\",\"itemListElement\":[{\"@type\":\"ListItem\",\"position\":1,\"name\":\"Home\",\"item\":\"https:\/\/ponchesangabriel.com\/\"},{\"@type\":\"ListItem\",\"position\":2,\"name\":\"Shop\",\"item\":\"https:\/\/ponchesangabriel.com\/index.php\/shop\/\"},{\"@type\":\"ListItem\",\"position\":3,\"name\":\"Mezcal Artesanal de Jalisco 500 ml\"}]},{\"@type\":\"WebSite\",\"@id\":\"https:\/\/ponchesangabriel.com\/#website\",\"url\":\"https:\/\/ponchesangabriel.com\/\",\"name\":\"Ponche San Gabriel\",\"description\":\"Ponche San Gabriel, Jalisco\",\"publisher\":{\"@id\":\"https:\/\/ponchesangabriel.com\/#organization\"},\"potentialAction\":[{\"@type\":\"SearchAction\",\"target\":{\"@type\":\"EntryPoint\",\"urlTemplate\":\"https:\/\/ponchesangabriel.com\/?s={search_term_string}\"},\"query-input\":{\"@type\":\"PropertyValueSpecification\",\"valueRequired\":true,\"valueName\":\"search_term_string\"}}],\"inLanguage\":\"es\"},{\"@type\":\"Organization\",\"@id\":\"https:\/\/ponchesangabriel.com\/#organization\",\"name\":\"Ponche San Gabriel\",\"url\":\"https:\/\/ponchesangabriel.com\/\",\"logo\":{\"@type\":\"ImageObject\",\"inLanguage\":\"es\",\"@id\":\"https:\/\/ponchesangabriel.com\/#\/schema\/logo\/image\/\",\"url\":\"https:\/\/ponchesangabriel.com\/wp-content\/uploads\/2020\/05\/logo.jpg\",\"contentUrl\":\"https:\/\/ponchesangabriel.com\/wp-content\/uploads\/2020\/05\/logo.jpg\",\"width\":639,\"height\":639,\"caption\":\"Ponche San Gabriel\"},\"image\":{\"@id\":\"https:\/\/ponchesangabriel.com\/#\/schema\/logo\/image\/\"},\"sameAs\":[\"https:\/\/www.facebook.com\/ponchesangabriel\/\",\"https:\/\/www.instagram.com\/ponchesangabriel\/\"]}]}<\/script>\n<!-- \/ Yoast SEO plugin. -->","yoast_head_json":{"title":"Mezcal Artesanal de Jalisco 500 ml | Ponche San Gabriel","description":"Mezcal artesanal de Jalisco Ponche San Gabriel: elaborado 100% con agave, tradici\u00f3n y pasi\u00f3n mexicana. Disfruta un mezcal premium, ahumado, suave y aut\u00e9ntico, ideal para conocedores y amantes del buen mezcal. Compra en l\u00ednea y vive la experiencia del mezcal tradicional de origen.","robots":{"index":"index","follow":"follow","max-snippet":"max-snippet:-1","max-image-preview":"max-image-preview:large","max-video-preview":"max-video-preview:-1"},"canonical":"https:\/\/ponchesangabriel.com\/index.php\/product\/mezcal-artesanal-500-ml\/","og_locale":"es_MX","og_type":"article","og_title":"Mezcal Artesanal de Jalisco 500 ml | Ponche San Gabriel","og_description":"Mezcal artesanal de Jalisco Ponche San Gabriel: elaborado 100% con agave, tradici\u00f3n y pasi\u00f3n mexicana. Disfruta un mezcal premium, ahumado, suave y aut\u00e9ntico, ideal para conocedores y amantes del buen mezcal. Compra en l\u00ednea y vive la experiencia del mezcal tradicional de origen.","og_url":"https:\/\/ponchesangabriel.com\/index.php\/product\/mezcal-artesanal-500-ml\/","og_site_name":"Ponche San Gabriel","article_publisher":"https:\/\/www.facebook.com\/ponchesangabriel\/","article_modified_time":"2026-01-09T01:36:43+00:00","og_image":[{"width":960,"height":1280,"url":"https:\/\/ponchesangabriel.com\/wp-content\/uploads\/2022\/12\/WhatsApp-Image-2022-12-17-at-12.24.45.jpeg","type":"image\/jpeg"}],"twitter_card":"summary_large_image","twitter_misc":{"Tiempo de lectura":"1 minuto"},"schema":{"@context":"https:\/\/schema.org","@graph":[{"@type":"WebPage","@id":"https:\/\/ponchesangabriel.com\/index.php\/product\/mezcal-artesanal-500-ml\/","url":"https:\/\/ponchesangabriel.com\/index.php\/product\/mezcal-artesanal-500-ml\/","name":"Mezcal Artesanal de Jalisco 500 ml | Ponche San Gabriel","isPartOf":{"@id":"https:\/\/ponchesangabriel.com\/#website"},"primaryImageOfPage":{"@id":"https:\/\/ponchesangabriel.com\/index.php\/product\/mezcal-artesanal-500-ml\/#primaryimage"},"image":{"@id":"https:\/\/ponchesangabriel.com\/index.php\/product\/mezcal-artesanal-500-ml\/#primaryimage"},"thumbnailUrl":"https:\/\/ponchesangabriel.com\/wp-content\/uploads\/2022\/12\/WhatsApp-Image-2022-12-17-at-12.24.45-225x300.jpeg","datePublished":"2025-03-23T04:46:11+00:00","dateModified":"2026-01-09T01:36:43+00:00","description":"Mezcal artesanal de Jalisco Ponche San Gabriel: elaborado 100% con agave, tradici\u00f3n y pasi\u00f3n mexicana. Disfruta un mezcal premium, ahumado, suave y aut\u00e9ntico, ideal para conocedores y amantes del buen mezcal. Compra en l\u00ednea y vive la experiencia del mezcal tradicional de origen.","breadcrumb":{"@id":"https:\/\/ponchesangabriel.com\/index.php\/product\/mezcal-artesanal-500-ml\/#breadcrumb"},"inLanguage":"es","potentialAction":[{"@type":"ReadAction","target":["https:\/\/ponchesangabriel.com\/index.php\/product\/mezcal-artesanal-500-ml\/"]}]},{"@type":"ImageObject","inLanguage":"es","@id":"https:\/\/ponchesangabriel.com\/index.php\/product\/mezcal-artesanal-500-ml\/#primaryimage","url":"https:\/\/ponchesangabriel.com\/wp-content\/uploads\/2022\/12\/WhatsApp-Image-2022-12-17-at-12.24.45.jpeg","contentUrl":"https:\/\/ponchesangabriel.com\/wp-content\/uploads\/2022\/12\/WhatsApp-Image-2022-12-17-at-12.24.45.jpeg","width":960,"height":1280},{"@type":"BreadcrumbList","@id":"https:\/\/ponchesangabriel.com\/index.php\/product\/mezcal-artesanal-500-ml\/#breadcrumb","itemListElement":[{"@type":"ListItem","position":1,"name":"Home","item":"https:\/\/ponchesangabriel.com\/"},{"@type":"ListItem","position":2,"name":"Shop","item":"https:\/\/ponchesangabriel.com\/index.php\/shop\/"},{"@type":"ListItem","position":3,"name":"Mezcal Artesanal de Jalisco 500 ml"}]},{"@type":"WebSite","@id":"https:\/\/ponchesangabriel.com\/#website","url":"https:\/\/ponchesangabriel.com\/","name":"Ponche San Gabriel","description":"Ponche San Gabriel, Jalisco","publisher":{"@id":"https:\/\/ponchesangabriel.com\/#organization"},"potentialAction":[{"@type":"SearchAction","target":{"@type":"EntryPoint","urlTemplate":"https:\/\/ponchesangabriel.com\/?s={search_term_string}"},"query-input":{"@type":"PropertyValueSpecification","valueRequired":true,"valueName":"search_term_string"}}],"inLanguage":"es"},{"@type":"Organization","@id":"https:\/\/ponchesangabriel.com\/#organization","name":"Ponche San Gabriel","url":"https:\/\/ponchesangabriel.com\/","logo":{"@type":"ImageObject","inLanguage":"es","@id":"https:\/\/ponchesangabriel.com\/#\/schema\/logo\/image\/","url":"https:\/\/ponchesangabriel.com\/wp-content\/uploads\/2020\/05\/logo.jpg","contentUrl":"https:\/\/ponchesangabriel.com\/wp-content\/uploads\/2020\/05\/logo.jpg","width":639,"height":639,"caption":"Ponche San Gabriel"},"image":{"@id":"https:\/\/ponchesangabriel.com\/#\/schema\/logo\/image\/"},"sameAs":["https:\/\/www.facebook.com\/ponchesangabriel\/","https:\/\/www.instagram.com\/ponchesangabriel\/"]}]}},"_links":{"self":[{"href":"https:\/\/ponchesangabriel.com\/index.php\/wp-json\/wp\/v2\/product\/324","targetHints":{"allow":["GET"]}}],"collection":[{"href":"https:\/\/ponchesangabriel.com\/index.php\/wp-json\/wp\/v2\/product"}],"about":[{"href":"https:\/\/ponchesangabriel.com\/index.php\/wp-json\/wp\/v2\/types\/product"}],"replies":[{"embeddable":true,"href":"https:\/\/ponchesangabriel.com\/index.php\/wp-json\/wp\/v2\/comments?post=324"}],"wp:attachment":[{"href":"https:\/\/ponchesangabriel.com\/index.php\/wp-json\/wp\/v2\/media?parent=324"}],"wp:term":[{"taxonomy":"product_brand","embeddable":true,"href":"https:\/\/ponchesangabriel.com\/index.php\/wp-json\/wp\/v2\/product_brand?post=324"},{"taxonomy":"product_cat","embeddable":true,"href":"https:\/\/ponchesangabriel.com\/index.php\/wp-json\/wp\/v2\/product_cat?post=324"},{"taxonomy":"product_tag","embeddable":true,"href":"https:\/\/ponchesangabriel.com\/index.php\/wp-json\/wp\/v2\/product_tag?post=324"}],"curies":[{"name":"wp","href":"https:\/\/api.w.org\/{rel}","templated":true}]}}