{"id":346,"date":"2026-01-09T03:09:41","date_gmt":"2026-01-09T03:09:41","guid":{"rendered":"https:\/\/ponchesangabriel.com\/?post_type=product&#038;p=346"},"modified":"2026-01-09T03:09:41","modified_gmt":"2026-01-09T03:09:41","slug":"licor-de-mezcal-de-frutos-rojos-de-500-ml-ponche-san-gabriel","status":"publish","type":"product","link":"https:\/\/ponchesangabriel.com\/index.php\/product\/licor-de-mezcal-de-frutos-rojos-de-500-ml-ponche-san-gabriel\/","title":{"rendered":"Licor de mezcal de frutos rojos de 500 ml | Ponche San Gabriel"},"content":{"rendered":"<p>Este licor artesanal se produce en peque\u00f1os lotes, asegurando una calidad excepcional en cada botella. Las frutas utilizadas son seleccionadas a mano, garantizando frescura y sabor natural. A diferencia de otras bebidas saborizadas, este ponche de frutos rojos no utiliza saborizantes artificiales ni conservadores, preservando la pureza de sus ingredientes.<\/p>\n<p>El licor de mezcal de frutos rojos es perfecto para compartir en reuniones, celebraciones o como un regalo con identidad mexicana. Tambi\u00e9n puede usarse como base para cocteles originales, mezclado con agua mineral, jugos c\u00edtricos o incluso espumosos.<\/p>\n<p>El equilibrio entre lo dulce de los frutos y el car\u00e1cter ahumado del mezcal lo convierte en una bebida \u00fanica dentro del cat\u00e1logo de ponches mexicanos. Se recomienda servir fr\u00edo o en las rocas.<\/p>\n<p>Ponche San Gabriel es una marca reconocida por su compromiso con los ingredientes naturales y el legado artesanal de Jalisco. Adem\u00e1s del ponche de frutos rojos, la marca ofrece variedades como granada, caf\u00e9, nuez, entre otros.es.<\/p>\n","protected":false},"excerpt":{"rendered":"<p>Este licor artesanal se produce en peque\u00f1os lotes, asegurando una calidad excepcional en cada botella. Las frutas utilizadas son seleccionadas a mano, garantizando frescura y sabor natural. A diferencia de otras bebidas saborizadas, este ponche de frutos rojos no utiliza saborizantes artificiales ni conservadores, preservando la pureza de sus ingredientes. El licor de mezcal de [&hellip;]<\/p>\n","protected":false},"featured_media":0,"comment_status":"open","ping_status":"closed","template":"","meta":{"site-sidebar-layout":"default","site-content-layout":"","ast-site-content-layout":"default","site-content-style":"default","site-sidebar-style":"default","ast-global-header-display":"","ast-banner-title-visibility":"","ast-main-header-display":"","ast-hfb-above-header-display":"","ast-hfb-below-header-display":"","ast-hfb-mobile-header-display":"","site-post-title":"","ast-breadcrumbs-content":"","ast-featured-img":"","footer-sml-layout":"","theme-transparent-header-meta":"default","adv-header-id-meta":"","stick-header-meta":"","header-above-stick-meta":"","header-main-stick-meta":"","header-below-stick-meta":"","astra-migrate-meta-layouts":"set","ast-page-background-enabled":"default","ast-page-background-meta":{"desktop":{"background-color":"","background-image":"","background-repeat":"repeat","background-position":"center center","background-size":"auto","background-attachment":"scroll","background-type":"","background-media":"","overlay-type":"","overlay-color":"","overlay-opacity":"","overlay-gradient":""},"tablet":{"background-color":"","background-image":"","background-repeat":"repeat","background-position":"center center","background-size":"auto","background-attachment":"scroll","background-type":"","background-media":"","overlay-type":"","overlay-color":"","overlay-opacity":"","overlay-gradient":""},"mobile":{"background-color":"","background-image":"","background-repeat":"repeat","background-position":"center center","background-size":"auto","background-attachment":"scroll","background-type":"","background-media":"","overlay-type":"","overlay-color":"","overlay-opacity":"","overlay-gradient":""}},"ast-content-background-meta":{"desktop":{"background-color":"var(--ast-global-color-5)","background-image":"","background-repeat":"repeat","background-position":"center center","background-size":"auto","background-attachment":"scroll","background-type":"","background-media":"","overlay-type":"","overlay-color":"","overlay-opacity":"","overlay-gradient":""},"tablet":{"background-color":"var(--ast-global-color-5)","background-image":"","background-repeat":"repeat","background-position":"center center","background-size":"auto","background-attachment":"scroll","background-type":"","background-media":"","overlay-type":"","overlay-color":"","overlay-opacity":"","overlay-gradient":""},"mobile":{"background-color":"var(--ast-global-color-5)","background-image":"","background-repeat":"repeat","background-position":"center center","background-size":"auto","background-attachment":"scroll","background-type":"","background-media":"","overlay-type":"","overlay-color":"","overlay-opacity":"","overlay-gradient":""}}},"product_brand":[],"product_cat":[16],"product_tag":[],"class_list":{"0":"post-346","1":"product","2":"type-product","3":"status-publish","5":"product_cat-uncategorized","6":"desktop-align-left","7":"tablet-align-left","8":"mobile-align-left","10":"first","11":"instock","12":"shipping-taxable","13":"purchasable","14":"product-type-simple"},"yoast_head":"<!-- This site is optimized with the Yoast SEO plugin v25.1 - https:\/\/yoast.com\/wordpress\/plugins\/seo\/ -->\n<title>Licor de mezcal de frutos rojos de 500 ml | Ponche San Gabriel | Ponche San Gabriel<\/title>\n<meta name=\"description\" content=\"Prueba el licor de mezcal de frutos rojos de Ponche San Gabriel, elaborado con frutas frescas y agave. Ideal para cocteles o disfrutar solo.\" \/>\n<meta name=\"robots\" content=\"index, follow, max-snippet:-1, max-image-preview:large, max-video-preview:-1\" \/>\n<link rel=\"canonical\" href=\"https:\/\/ponchesangabriel.com\/index.php\/product\/licor-de-mezcal-de-frutos-rojos-de-500-ml-ponche-san-gabriel\/\" \/>\n<meta property=\"og:locale\" content=\"es_MX\" \/>\n<meta property=\"og:type\" content=\"article\" \/>\n<meta property=\"og:title\" content=\"Licor de mezcal de frutos rojos de 500 ml | Ponche San Gabriel | Ponche San Gabriel\" \/>\n<meta property=\"og:description\" content=\"Prueba el licor de mezcal de frutos rojos de Ponche San Gabriel, elaborado con frutas frescas y agave. Ideal para cocteles o disfrutar solo.\" \/>\n<meta property=\"og:url\" content=\"https:\/\/ponchesangabriel.com\/index.php\/product\/licor-de-mezcal-de-frutos-rojos-de-500-ml-ponche-san-gabriel\/\" \/>\n<meta property=\"og:site_name\" content=\"Ponche San Gabriel\" \/>\n<meta property=\"article:publisher\" content=\"https:\/\/www.facebook.com\/ponchesangabriel\/\" \/>\n<meta name=\"twitter:card\" content=\"summary_large_image\" \/>\n<meta name=\"twitter:label1\" content=\"Tiempo de lectura\" \/>\n\t<meta name=\"twitter:data1\" content=\"1 minuto\" \/>\n<script type=\"application\/ld+json\" class=\"yoast-schema-graph\">{\"@context\":\"https:\/\/schema.org\",\"@graph\":[{\"@type\":\"WebPage\",\"@id\":\"https:\/\/ponchesangabriel.com\/index.php\/product\/licor-de-mezcal-de-frutos-rojos-de-500-ml-ponche-san-gabriel\/\",\"url\":\"https:\/\/ponchesangabriel.com\/index.php\/product\/licor-de-mezcal-de-frutos-rojos-de-500-ml-ponche-san-gabriel\/\",\"name\":\"Licor de mezcal de frutos rojos de 500 ml | Ponche San Gabriel | Ponche San Gabriel\",\"isPartOf\":{\"@id\":\"https:\/\/ponchesangabriel.com\/#website\"},\"datePublished\":\"2026-01-09T03:09:41+00:00\",\"description\":\"Prueba el licor de mezcal de frutos rojos de Ponche San Gabriel, elaborado con frutas frescas y agave. Ideal para cocteles o disfrutar solo.\",\"breadcrumb\":{\"@id\":\"https:\/\/ponchesangabriel.com\/index.php\/product\/licor-de-mezcal-de-frutos-rojos-de-500-ml-ponche-san-gabriel\/#breadcrumb\"},\"inLanguage\":\"es\",\"potentialAction\":[{\"@type\":\"ReadAction\",\"target\":[\"https:\/\/ponchesangabriel.com\/index.php\/product\/licor-de-mezcal-de-frutos-rojos-de-500-ml-ponche-san-gabriel\/\"]}]},{\"@type\":\"BreadcrumbList\",\"@id\":\"https:\/\/ponchesangabriel.com\/index.php\/product\/licor-de-mezcal-de-frutos-rojos-de-500-ml-ponche-san-gabriel\/#breadcrumb\",\"itemListElement\":[{\"@type\":\"ListItem\",\"position\":1,\"name\":\"Home\",\"item\":\"https:\/\/ponchesangabriel.com\/\"},{\"@type\":\"ListItem\",\"position\":2,\"name\":\"Shop\",\"item\":\"https:\/\/ponchesangabriel.com\/index.php\/shop\/\"},{\"@type\":\"ListItem\",\"position\":3,\"name\":\"Licor de mezcal de frutos rojos de 500 ml | Ponche San Gabriel\"}]},{\"@type\":\"WebSite\",\"@id\":\"https:\/\/ponchesangabriel.com\/#website\",\"url\":\"https:\/\/ponchesangabriel.com\/\",\"name\":\"Ponche San Gabriel\",\"description\":\"Ponche San Gabriel, Jalisco\",\"publisher\":{\"@id\":\"https:\/\/ponchesangabriel.com\/#organization\"},\"potentialAction\":[{\"@type\":\"SearchAction\",\"target\":{\"@type\":\"EntryPoint\",\"urlTemplate\":\"https:\/\/ponchesangabriel.com\/?s={search_term_string}\"},\"query-input\":{\"@type\":\"PropertyValueSpecification\",\"valueRequired\":true,\"valueName\":\"search_term_string\"}}],\"inLanguage\":\"es\"},{\"@type\":\"Organization\",\"@id\":\"https:\/\/ponchesangabriel.com\/#organization\",\"name\":\"Ponche San Gabriel\",\"url\":\"https:\/\/ponchesangabriel.com\/\",\"logo\":{\"@type\":\"ImageObject\",\"inLanguage\":\"es\",\"@id\":\"https:\/\/ponchesangabriel.com\/#\/schema\/logo\/image\/\",\"url\":\"https:\/\/ponchesangabriel.com\/wp-content\/uploads\/2020\/05\/logo.jpg\",\"contentUrl\":\"https:\/\/ponchesangabriel.com\/wp-content\/uploads\/2020\/05\/logo.jpg\",\"width\":639,\"height\":639,\"caption\":\"Ponche San Gabriel\"},\"image\":{\"@id\":\"https:\/\/ponchesangabriel.com\/#\/schema\/logo\/image\/\"},\"sameAs\":[\"https:\/\/www.facebook.com\/ponchesangabriel\/\",\"https:\/\/www.instagram.com\/ponchesangabriel\/\"]}]}<\/script>\n<!-- \/ Yoast SEO plugin. -->","yoast_head_json":{"title":"Licor de mezcal de frutos rojos de 500 ml | Ponche San Gabriel | Ponche San Gabriel","description":"Prueba el licor de mezcal de frutos rojos de Ponche San Gabriel, elaborado con frutas frescas y agave. Ideal para cocteles o disfrutar solo.","robots":{"index":"index","follow":"follow","max-snippet":"max-snippet:-1","max-image-preview":"max-image-preview:large","max-video-preview":"max-video-preview:-1"},"canonical":"https:\/\/ponchesangabriel.com\/index.php\/product\/licor-de-mezcal-de-frutos-rojos-de-500-ml-ponche-san-gabriel\/","og_locale":"es_MX","og_type":"article","og_title":"Licor de mezcal de frutos rojos de 500 ml | Ponche San Gabriel | Ponche San Gabriel","og_description":"Prueba el licor de mezcal de frutos rojos de Ponche San Gabriel, elaborado con frutas frescas y agave. Ideal para cocteles o disfrutar solo.","og_url":"https:\/\/ponchesangabriel.com\/index.php\/product\/licor-de-mezcal-de-frutos-rojos-de-500-ml-ponche-san-gabriel\/","og_site_name":"Ponche San Gabriel","article_publisher":"https:\/\/www.facebook.com\/ponchesangabriel\/","twitter_card":"summary_large_image","twitter_misc":{"Tiempo de lectura":"1 minuto"},"schema":{"@context":"https:\/\/schema.org","@graph":[{"@type":"WebPage","@id":"https:\/\/ponchesangabriel.com\/index.php\/product\/licor-de-mezcal-de-frutos-rojos-de-500-ml-ponche-san-gabriel\/","url":"https:\/\/ponchesangabriel.com\/index.php\/product\/licor-de-mezcal-de-frutos-rojos-de-500-ml-ponche-san-gabriel\/","name":"Licor de mezcal de frutos rojos de 500 ml | Ponche San Gabriel | Ponche San Gabriel","isPartOf":{"@id":"https:\/\/ponchesangabriel.com\/#website"},"datePublished":"2026-01-09T03:09:41+00:00","description":"Prueba el licor de mezcal de frutos rojos de Ponche San Gabriel, elaborado con frutas frescas y agave. Ideal para cocteles o disfrutar solo.","breadcrumb":{"@id":"https:\/\/ponchesangabriel.com\/index.php\/product\/licor-de-mezcal-de-frutos-rojos-de-500-ml-ponche-san-gabriel\/#breadcrumb"},"inLanguage":"es","potentialAction":[{"@type":"ReadAction","target":["https:\/\/ponchesangabriel.com\/index.php\/product\/licor-de-mezcal-de-frutos-rojos-de-500-ml-ponche-san-gabriel\/"]}]},{"@type":"BreadcrumbList","@id":"https:\/\/ponchesangabriel.com\/index.php\/product\/licor-de-mezcal-de-frutos-rojos-de-500-ml-ponche-san-gabriel\/#breadcrumb","itemListElement":[{"@type":"ListItem","position":1,"name":"Home","item":"https:\/\/ponchesangabriel.com\/"},{"@type":"ListItem","position":2,"name":"Shop","item":"https:\/\/ponchesangabriel.com\/index.php\/shop\/"},{"@type":"ListItem","position":3,"name":"Licor de mezcal de frutos rojos de 500 ml | Ponche San Gabriel"}]},{"@type":"WebSite","@id":"https:\/\/ponchesangabriel.com\/#website","url":"https:\/\/ponchesangabriel.com\/","name":"Ponche San Gabriel","description":"Ponche San Gabriel, Jalisco","publisher":{"@id":"https:\/\/ponchesangabriel.com\/#organization"},"potentialAction":[{"@type":"SearchAction","target":{"@type":"EntryPoint","urlTemplate":"https:\/\/ponchesangabriel.com\/?s={search_term_string}"},"query-input":{"@type":"PropertyValueSpecification","valueRequired":true,"valueName":"search_term_string"}}],"inLanguage":"es"},{"@type":"Organization","@id":"https:\/\/ponchesangabriel.com\/#organization","name":"Ponche San Gabriel","url":"https:\/\/ponchesangabriel.com\/","logo":{"@type":"ImageObject","inLanguage":"es","@id":"https:\/\/ponchesangabriel.com\/#\/schema\/logo\/image\/","url":"https:\/\/ponchesangabriel.com\/wp-content\/uploads\/2020\/05\/logo.jpg","contentUrl":"https:\/\/ponchesangabriel.com\/wp-content\/uploads\/2020\/05\/logo.jpg","width":639,"height":639,"caption":"Ponche San Gabriel"},"image":{"@id":"https:\/\/ponchesangabriel.com\/#\/schema\/logo\/image\/"},"sameAs":["https:\/\/www.facebook.com\/ponchesangabriel\/","https:\/\/www.instagram.com\/ponchesangabriel\/"]}]}},"_links":{"self":[{"href":"https:\/\/ponchesangabriel.com\/index.php\/wp-json\/wp\/v2\/product\/346","targetHints":{"allow":["GET"]}}],"collection":[{"href":"https:\/\/ponchesangabriel.com\/index.php\/wp-json\/wp\/v2\/product"}],"about":[{"href":"https:\/\/ponchesangabriel.com\/index.php\/wp-json\/wp\/v2\/types\/product"}],"replies":[{"embeddable":true,"href":"https:\/\/ponchesangabriel.com\/index.php\/wp-json\/wp\/v2\/comments?post=346"}],"wp:attachment":[{"href":"https:\/\/ponchesangabriel.com\/index.php\/wp-json\/wp\/v2\/media?parent=346"}],"wp:term":[{"taxonomy":"product_brand","embeddable":true,"href":"https:\/\/ponchesangabriel.com\/index.php\/wp-json\/wp\/v2\/product_brand?post=346"},{"taxonomy":"product_cat","embeddable":true,"href":"https:\/\/ponchesangabriel.com\/index.php\/wp-json\/wp\/v2\/product_cat?post=346"},{"taxonomy":"product_tag","embeddable":true,"href":"https:\/\/ponchesangabriel.com\/index.php\/wp-json\/wp\/v2\/product_tag?post=346"}],"curies":[{"name":"wp","href":"https:\/\/api.w.org\/{rel}","templated":true}]}}