{"id":348,"date":"2026-01-09T03:14:38","date_gmt":"2026-01-09T03:14:38","guid":{"rendered":"https:\/\/ponchesangabriel.com\/?post_type=product&#038;p=348"},"modified":"2026-01-09T03:14:38","modified_gmt":"2026-01-09T03:14:38","slug":"licor-mezcal-maracuya-2","status":"publish","type":"product","link":"https:\/\/ponchesangabriel.com\/index.php\/product\/licor-mezcal-maracuya-2\/","title":{"rendered":"Licor de mezcal de maracuy\u00e1 500 mililitros"},"content":{"rendered":"<p>El licor de mezcal de maracuy\u00e1 de Ponche San Gabriel fusiona lo mejor de dos mundos: la frescura frutal de la maracuy\u00e1 (fruta de la pasi\u00f3n) y el car\u00e1cter fuerte del mezcal tradicional. Cada botella se elabora artesanalmente en San Gabriel, Jalisco, utilizando ingredientes naturales, sin conservadores ni saborizantes artificiales.<\/p>\n<p>Esta bebida es ideal para paladares que disfrutan de sabores tropicales con un toque mexicano aut\u00e9ntico. Puede tomarse sola, con hielo, o convertirse en base para cocteles tropicales con hierbabuena, lim\u00f3n o agua mineral.<\/p>\n<p>El ponche de maracuy\u00e1 no s\u00f3lo destaca por su sabor, sino tambi\u00e9n por su vibrante color dorado y aroma fresco que evoca verano, celebraci\u00f3n y tradici\u00f3n.<\/p>\n<p>Ponche San Gabriel se especializa en licores artesanales que celebran la herencia y el sabor de M\u00e9xico. Prueba tambi\u00e9n sus otras variedades: granada, frutos rojos.<\/p>\n","protected":false},"excerpt":{"rendered":"<p class=\"p1\">Descubre el licor de mezcal de maracuy\u00e1 de Ponche San Gabriel, hecho con fruta natural y agave. Sabor ex\u00f3tico perfecto para c\u00f3cteles o disfrutar solo.<\/p>\n","protected":false},"featured_media":0,"comment_status":"open","ping_status":"closed","template":"","meta":{"site-sidebar-layout":"default","site-content-layout":"","ast-site-content-layout":"default","site-content-style":"default","site-sidebar-style":"default","ast-global-header-display":"","ast-banner-title-visibility":"","ast-main-header-display":"","ast-hfb-above-header-display":"","ast-hfb-below-header-display":"","ast-hfb-mobile-header-display":"","site-post-title":"","ast-breadcrumbs-content":"","ast-featured-img":"","footer-sml-layout":"","theme-transparent-header-meta":"default","adv-header-id-meta":"","stick-header-meta":"","header-above-stick-meta":"","header-main-stick-meta":"","header-below-stick-meta":"","astra-migrate-meta-layouts":"set","ast-page-background-enabled":"default","ast-page-background-meta":{"desktop":{"background-color":"","background-image":"","background-repeat":"repeat","background-position":"center center","background-size":"auto","background-attachment":"scroll","background-type":"","background-media":"","overlay-type":"","overlay-color":"","overlay-opacity":"","overlay-gradient":""},"tablet":{"background-color":"","background-image":"","background-repeat":"repeat","background-position":"center center","background-size":"auto","background-attachment":"scroll","background-type":"","background-media":"","overlay-type":"","overlay-color":"","overlay-opacity":"","overlay-gradient":""},"mobile":{"background-color":"","background-image":"","background-repeat":"repeat","background-position":"center center","background-size":"auto","background-attachment":"scroll","background-type":"","background-media":"","overlay-type":"","overlay-color":"","overlay-opacity":"","overlay-gradient":""}},"ast-content-background-meta":{"desktop":{"background-color":"var(--ast-global-color-5)","background-image":"","background-repeat":"repeat","background-position":"center center","background-size":"auto","background-attachment":"scroll","background-type":"","background-media":"","overlay-type":"","overlay-color":"","overlay-opacity":"","overlay-gradient":""},"tablet":{"background-color":"var(--ast-global-color-5)","background-image":"","background-repeat":"repeat","background-position":"center center","background-size":"auto","background-attachment":"scroll","background-type":"","background-media":"","overlay-type":"","overlay-color":"","overlay-opacity":"","overlay-gradient":""},"mobile":{"background-color":"var(--ast-global-color-5)","background-image":"","background-repeat":"repeat","background-position":"center center","background-size":"auto","background-attachment":"scroll","background-type":"","background-media":"","overlay-type":"","overlay-color":"","overlay-opacity":"","overlay-gradient":""}}},"product_brand":[],"product_cat":[16],"product_tag":[],"class_list":{"0":"post-348","1":"product","2":"type-product","3":"status-publish","5":"product_cat-uncategorized","6":"desktop-align-left","7":"tablet-align-left","8":"mobile-align-left","10":"first","11":"instock","12":"shipping-taxable","13":"purchasable","14":"product-type-simple"},"yoast_head":"<!-- This site is optimized with the Yoast SEO plugin v25.1 - https:\/\/yoast.com\/wordpress\/plugins\/seo\/ -->\n<title>Licor de mezcal de maracuy\u00e1 500 mililitros | Ponche San Gabriel<\/title>\n<meta name=\"description\" content=\"Descubre el licor de mezcal de maracuy\u00e1 de Ponche San Gabriel, hecho con fruta natural y agave. Sabor ex\u00f3tico perfecto para c\u00f3cteles o disfrutar solo..\" \/>\n<meta name=\"robots\" content=\"index, follow, max-snippet:-1, max-image-preview:large, max-video-preview:-1\" \/>\n<link rel=\"canonical\" href=\"https:\/\/ponchesangabriel.com\/index.php\/product\/licor-mezcal-maracuya-2\/\" \/>\n<meta property=\"og:locale\" content=\"es_MX\" \/>\n<meta property=\"og:type\" content=\"article\" \/>\n<meta property=\"og:title\" content=\"Licor de mezcal de maracuy\u00e1 500 mililitros | Ponche San Gabriel\" \/>\n<meta property=\"og:description\" content=\"Descubre el licor de mezcal de maracuy\u00e1 de Ponche San Gabriel, hecho con fruta natural y agave. Sabor ex\u00f3tico perfecto para c\u00f3cteles o disfrutar solo..\" \/>\n<meta property=\"og:url\" content=\"https:\/\/ponchesangabriel.com\/index.php\/product\/licor-mezcal-maracuya-2\/\" \/>\n<meta property=\"og:site_name\" content=\"Ponche San Gabriel\" \/>\n<meta property=\"article:publisher\" content=\"https:\/\/www.facebook.com\/ponchesangabriel\/\" \/>\n<meta name=\"twitter:card\" content=\"summary_large_image\" \/>\n<meta name=\"twitter:label1\" content=\"Tiempo de lectura\" \/>\n\t<meta name=\"twitter:data1\" content=\"1 minuto\" \/>\n<script type=\"application\/ld+json\" class=\"yoast-schema-graph\">{\"@context\":\"https:\/\/schema.org\",\"@graph\":[{\"@type\":\"WebPage\",\"@id\":\"https:\/\/ponchesangabriel.com\/index.php\/product\/licor-mezcal-maracuya-2\/\",\"url\":\"https:\/\/ponchesangabriel.com\/index.php\/product\/licor-mezcal-maracuya-2\/\",\"name\":\"Licor de mezcal de maracuy\u00e1 500 mililitros | Ponche San Gabriel\",\"isPartOf\":{\"@id\":\"https:\/\/ponchesangabriel.com\/#website\"},\"datePublished\":\"2026-01-09T03:14:38+00:00\",\"description\":\"Descubre el licor de mezcal de maracuy\u00e1 de Ponche San Gabriel, hecho con fruta natural y agave. Sabor ex\u00f3tico perfecto para c\u00f3cteles o disfrutar solo..\",\"breadcrumb\":{\"@id\":\"https:\/\/ponchesangabriel.com\/index.php\/product\/licor-mezcal-maracuya-2\/#breadcrumb\"},\"inLanguage\":\"es\",\"potentialAction\":[{\"@type\":\"ReadAction\",\"target\":[\"https:\/\/ponchesangabriel.com\/index.php\/product\/licor-mezcal-maracuya-2\/\"]}]},{\"@type\":\"BreadcrumbList\",\"@id\":\"https:\/\/ponchesangabriel.com\/index.php\/product\/licor-mezcal-maracuya-2\/#breadcrumb\",\"itemListElement\":[{\"@type\":\"ListItem\",\"position\":1,\"name\":\"Home\",\"item\":\"https:\/\/ponchesangabriel.com\/\"},{\"@type\":\"ListItem\",\"position\":2,\"name\":\"Shop\",\"item\":\"https:\/\/ponchesangabriel.com\/index.php\/shop\/\"},{\"@type\":\"ListItem\",\"position\":3,\"name\":\"Licor de mezcal de maracuy\u00e1 500 mililitros\"}]},{\"@type\":\"WebSite\",\"@id\":\"https:\/\/ponchesangabriel.com\/#website\",\"url\":\"https:\/\/ponchesangabriel.com\/\",\"name\":\"Ponche San Gabriel\",\"description\":\"Ponche San Gabriel, Jalisco\",\"publisher\":{\"@id\":\"https:\/\/ponchesangabriel.com\/#organization\"},\"potentialAction\":[{\"@type\":\"SearchAction\",\"target\":{\"@type\":\"EntryPoint\",\"urlTemplate\":\"https:\/\/ponchesangabriel.com\/?s={search_term_string}\"},\"query-input\":{\"@type\":\"PropertyValueSpecification\",\"valueRequired\":true,\"valueName\":\"search_term_string\"}}],\"inLanguage\":\"es\"},{\"@type\":\"Organization\",\"@id\":\"https:\/\/ponchesangabriel.com\/#organization\",\"name\":\"Ponche San Gabriel\",\"url\":\"https:\/\/ponchesangabriel.com\/\",\"logo\":{\"@type\":\"ImageObject\",\"inLanguage\":\"es\",\"@id\":\"https:\/\/ponchesangabriel.com\/#\/schema\/logo\/image\/\",\"url\":\"https:\/\/ponchesangabriel.com\/wp-content\/uploads\/2020\/05\/logo.jpg\",\"contentUrl\":\"https:\/\/ponchesangabriel.com\/wp-content\/uploads\/2020\/05\/logo.jpg\",\"width\":639,\"height\":639,\"caption\":\"Ponche San Gabriel\"},\"image\":{\"@id\":\"https:\/\/ponchesangabriel.com\/#\/schema\/logo\/image\/\"},\"sameAs\":[\"https:\/\/www.facebook.com\/ponchesangabriel\/\",\"https:\/\/www.instagram.com\/ponchesangabriel\/\"]}]}<\/script>\n<!-- \/ Yoast SEO plugin. -->","yoast_head_json":{"title":"Licor de mezcal de maracuy\u00e1 500 mililitros | Ponche San Gabriel","description":"Descubre el licor de mezcal de maracuy\u00e1 de Ponche San Gabriel, hecho con fruta natural y agave. Sabor ex\u00f3tico perfecto para c\u00f3cteles o disfrutar solo..","robots":{"index":"index","follow":"follow","max-snippet":"max-snippet:-1","max-image-preview":"max-image-preview:large","max-video-preview":"max-video-preview:-1"},"canonical":"https:\/\/ponchesangabriel.com\/index.php\/product\/licor-mezcal-maracuya-2\/","og_locale":"es_MX","og_type":"article","og_title":"Licor de mezcal de maracuy\u00e1 500 mililitros | Ponche San Gabriel","og_description":"Descubre el licor de mezcal de maracuy\u00e1 de Ponche San Gabriel, hecho con fruta natural y agave. Sabor ex\u00f3tico perfecto para c\u00f3cteles o disfrutar solo..","og_url":"https:\/\/ponchesangabriel.com\/index.php\/product\/licor-mezcal-maracuya-2\/","og_site_name":"Ponche San Gabriel","article_publisher":"https:\/\/www.facebook.com\/ponchesangabriel\/","twitter_card":"summary_large_image","twitter_misc":{"Tiempo de lectura":"1 minuto"},"schema":{"@context":"https:\/\/schema.org","@graph":[{"@type":"WebPage","@id":"https:\/\/ponchesangabriel.com\/index.php\/product\/licor-mezcal-maracuya-2\/","url":"https:\/\/ponchesangabriel.com\/index.php\/product\/licor-mezcal-maracuya-2\/","name":"Licor de mezcal de maracuy\u00e1 500 mililitros | Ponche San Gabriel","isPartOf":{"@id":"https:\/\/ponchesangabriel.com\/#website"},"datePublished":"2026-01-09T03:14:38+00:00","description":"Descubre el licor de mezcal de maracuy\u00e1 de Ponche San Gabriel, hecho con fruta natural y agave. Sabor ex\u00f3tico perfecto para c\u00f3cteles o disfrutar solo..","breadcrumb":{"@id":"https:\/\/ponchesangabriel.com\/index.php\/product\/licor-mezcal-maracuya-2\/#breadcrumb"},"inLanguage":"es","potentialAction":[{"@type":"ReadAction","target":["https:\/\/ponchesangabriel.com\/index.php\/product\/licor-mezcal-maracuya-2\/"]}]},{"@type":"BreadcrumbList","@id":"https:\/\/ponchesangabriel.com\/index.php\/product\/licor-mezcal-maracuya-2\/#breadcrumb","itemListElement":[{"@type":"ListItem","position":1,"name":"Home","item":"https:\/\/ponchesangabriel.com\/"},{"@type":"ListItem","position":2,"name":"Shop","item":"https:\/\/ponchesangabriel.com\/index.php\/shop\/"},{"@type":"ListItem","position":3,"name":"Licor de mezcal de maracuy\u00e1 500 mililitros"}]},{"@type":"WebSite","@id":"https:\/\/ponchesangabriel.com\/#website","url":"https:\/\/ponchesangabriel.com\/","name":"Ponche San Gabriel","description":"Ponche San Gabriel, Jalisco","publisher":{"@id":"https:\/\/ponchesangabriel.com\/#organization"},"potentialAction":[{"@type":"SearchAction","target":{"@type":"EntryPoint","urlTemplate":"https:\/\/ponchesangabriel.com\/?s={search_term_string}"},"query-input":{"@type":"PropertyValueSpecification","valueRequired":true,"valueName":"search_term_string"}}],"inLanguage":"es"},{"@type":"Organization","@id":"https:\/\/ponchesangabriel.com\/#organization","name":"Ponche San Gabriel","url":"https:\/\/ponchesangabriel.com\/","logo":{"@type":"ImageObject","inLanguage":"es","@id":"https:\/\/ponchesangabriel.com\/#\/schema\/logo\/image\/","url":"https:\/\/ponchesangabriel.com\/wp-content\/uploads\/2020\/05\/logo.jpg","contentUrl":"https:\/\/ponchesangabriel.com\/wp-content\/uploads\/2020\/05\/logo.jpg","width":639,"height":639,"caption":"Ponche San Gabriel"},"image":{"@id":"https:\/\/ponchesangabriel.com\/#\/schema\/logo\/image\/"},"sameAs":["https:\/\/www.facebook.com\/ponchesangabriel\/","https:\/\/www.instagram.com\/ponchesangabriel\/"]}]}},"_links":{"self":[{"href":"https:\/\/ponchesangabriel.com\/index.php\/wp-json\/wp\/v2\/product\/348","targetHints":{"allow":["GET"]}}],"collection":[{"href":"https:\/\/ponchesangabriel.com\/index.php\/wp-json\/wp\/v2\/product"}],"about":[{"href":"https:\/\/ponchesangabriel.com\/index.php\/wp-json\/wp\/v2\/types\/product"}],"replies":[{"embeddable":true,"href":"https:\/\/ponchesangabriel.com\/index.php\/wp-json\/wp\/v2\/comments?post=348"}],"wp:attachment":[{"href":"https:\/\/ponchesangabriel.com\/index.php\/wp-json\/wp\/v2\/media?parent=348"}],"wp:term":[{"taxonomy":"product_brand","embeddable":true,"href":"https:\/\/ponchesangabriel.com\/index.php\/wp-json\/wp\/v2\/product_brand?post=348"},{"taxonomy":"product_cat","embeddable":true,"href":"https:\/\/ponchesangabriel.com\/index.php\/wp-json\/wp\/v2\/product_cat?post=348"},{"taxonomy":"product_tag","embeddable":true,"href":"https:\/\/ponchesangabriel.com\/index.php\/wp-json\/wp\/v2\/product_tag?post=348"}],"curies":[{"name":"wp","href":"https:\/\/api.w.org\/{rel}","templated":true}]}}